{"id":53937,"date":"2024-05-08T09:42:51","date_gmt":"2024-05-08T09:42:51","guid":{"rendered":"https:\/\/smartgroup.no\/?page_id=53937"},"modified":"2026-03-12T12:14:21","modified_gmt":"2026-03-12T11:14:21","slug":"user-stories","status":"publish","type":"page","link":"http:\/\/smartgroup.no\/en\/brukersaker\/","title":{"rendered":"User Stories"},"content":{"rendered":"\t\t<div data-elementor-type=\"wp-page\" data-elementor-id=\"53937\" class=\"elementor elementor-53937\">\n\t\t\t\t\t\t<section class=\"elementor-section elementor-top-section elementor-element elementor-element-7957471 elementor-section-full_width elementor-section-stretched elementor-reverse-tablet elementor-reverse-mobile elementor-section-height-default elementor-section-height-default\" data-id=\"7957471\" data-element_type=\"section\" data-settings=\"{&quot;stretch_section&quot;:&quot;section-stretched&quot;}\">\n\t\t\t\t\t\t<div class=\"elementor-container elementor-column-gap-default\">\n\t\t\t\t\t<div class=\"elementor-column elementor-col-50 elementor-top-column elementor-element elementor-element-b5f77c5\" data-id=\"b5f77c5\" data-element_type=\"column\">\n\t\t\t<div class=\"elementor-widget-wrap elementor-element-populated\">\n\t\t\t\t\t\t<div class=\"elementor-element elementor-element-ecf2024 elementor-widget elementor-widget-image\" data-id=\"ecf2024\" data-element_type=\"widget\" data-settings=\"{&quot;motion_fx_motion_fx_scrolling&quot;:&quot;yes&quot;,&quot;motion_fx_translateY_effect&quot;:&quot;yes&quot;,&quot;motion_fx_translateY_speed&quot;:{&quot;unit&quot;:&quot;px&quot;,&quot;size&quot;:1.2,&quot;sizes&quot;:[]},&quot;motion_fx_translateY_affectedRange&quot;:{&quot;unit&quot;:&quot;%&quot;,&quot;size&quot;:&quot;&quot;,&quot;sizes&quot;:{&quot;start&quot;:14,&quot;end&quot;:85}},&quot;motion_fx_devices&quot;:[&quot;desktop&quot;,&quot;tablet&quot;,&quot;mobile&quot;]}\" data-widget_type=\"image.default\">\n\t\t\t\t<div class=\"elementor-widget-container\">\n\t\t\t<style>\/*! elementor - v3.21.0 - 08-05-2024 *\/\n.elementor-widget-image{text-align:center}.elementor-widget-image a{display:inline-block}.elementor-widget-image a img[src$=\".svg\"]{width:48px}.elementor-widget-image img{vertical-align:middle;display:inline-block}<\/style>\t\t\t\t\t\t\t\t\t\t<img decoding=\"async\" src=\"http:\/\/smartgroup.no\/wp-content\/uploads\/Artikkel-1-scaled.jpg\" title=\"\" alt=\"\" loading=\"lazy\" \/>\t\t\t\t\t\t\t\t\t\t\t\t\t<\/div>\n\t\t\t\t<\/div>\n\t\t\t\t\t<\/div>\n\t\t<\/div>\n\t\t\t\t<div class=\"elementor-column elementor-col-50 elementor-top-column elementor-element elementor-element-b7c9bbd\" data-id=\"b7c9bbd\" data-element_type=\"column\">\n\t\t\t<div class=\"elementor-widget-wrap elementor-element-populated\">\n\t\t\t\t\t\t<div class=\"elementor-element elementor-element-57321e1 elementor-widget elementor-widget-heading\" data-id=\"57321e1\" data-element_type=\"widget\" data-widget_type=\"heading.default\">\n\t\t\t\t<div class=\"elementor-widget-container\">\n\t\t\t<style>\/*! elementor - v3.21.0 - 08-05-2024 *\/\n.elementor-heading-title{padding:0;margin:0;line-height:1}.elementor-widget-heading .elementor-heading-title[class*=elementor-size-]>a{color:inherit;font-size:inherit;line-height:inherit}.elementor-widget-heading .elementor-heading-title.elementor-size-small{font-size:15px}.elementor-widget-heading .elementor-heading-title.elementor-size-medium{font-size:19px}.elementor-widget-heading .elementor-heading-title.elementor-size-large{font-size:29px}.elementor-widget-heading .elementor-heading-title.elementor-size-xl{font-size:39px}.elementor-widget-heading .elementor-heading-title.elementor-size-xxl{font-size:59px}<\/style><h2 class=\"elementor-heading-title elementor-size-default\">Brukersak<\/h2>\t\t<\/div>\n\t\t\t\t<\/div>\n\t\t\t\t<div class=\"elementor-element elementor-element-c369de4 elementor-widget elementor-widget-heading\" data-id=\"c369de4\" data-element_type=\"widget\" data-widget_type=\"heading.default\">\n\t\t\t\t<div class=\"elementor-widget-container\">\n\t\t\t<h2 class=\"elementor-heading-title elementor-size-default\">SmartBrake skaper en trygg base for barn.<\/h2>\t\t<\/div>\n\t\t\t\t<\/div>\n\t\t\t\t<div class=\"elementor-element elementor-element-fbf820d elementor-widget elementor-widget-text-editor\" data-id=\"fbf820d\" data-element_type=\"widget\" data-widget_type=\"text-editor.default\">\n\t\t\t\t<div class=\"elementor-widget-container\">\n\t\t\t<style>\/*! elementor - v3.21.0 - 08-05-2024 *\/\n.elementor-widget-text-editor.elementor-drop-cap-view-stacked .elementor-drop-cap{background-color:#69727d;color:#fff}.elementor-widget-text-editor.elementor-drop-cap-view-framed .elementor-drop-cap{color:#69727d;border:3px solid;background-color:transparent}.elementor-widget-text-editor:not(.elementor-drop-cap-view-default) .elementor-drop-cap{margin-top:8px}.elementor-widget-text-editor:not(.elementor-drop-cap-view-default) .elementor-drop-cap-letter{width:1em;height:1em}.elementor-widget-text-editor .elementor-drop-cap{float:left;text-align:center;line-height:1;font-size:50px}.elementor-widget-text-editor .elementor-drop-cap-letter{display:inline-block}<\/style>\t\t\t\t<p>SmartBrake gj\u00f8r det mulig for barn \u00e5 bremse uten anstrengelse og mykt p\u00e5 egen h\u00e5nd. For barnet betyr det \u00e5 kunne delta sammen med familie, skole eller venner p\u00e5 en tur.<\/p>\t\t\t\t\t\t<\/div>\n\t\t\t\t<\/div>\n\t\t\t\t<div class=\"elementor-element elementor-element-3427fc1 elementor-widget elementor-widget-text-editor\" data-id=\"3427fc1\" data-element_type=\"widget\" data-widget_type=\"text-editor.default\">\n\t\t\t\t<div class=\"elementor-widget-container\">\n\t\t\t\t\t\t\t<p>SmartBrake gir ogs\u00e5 muligheter for foreldre eller en voksen \u00e5 gripe inn under oppl\u00e6ring p\u00e5 sykkel eller i virkelige situasjoner. \u00c5 sykle krever mye oppmerksomhet p\u00e5 omgivelsene. Barn som l\u00e6rer \u00e5 sykle, eller personer med redusert kognitiv funksjon, har ofte utfordringer med \u00e5 lese trafikken. En tr\u00e5dl\u00f8s fjernkontroll er en trygg og subtil m\u00e5te \u00e5 gi sikkerhet p\u00e5. Dette gir barn og unge \u00f8kt uavhengighet og f\u00f8lelse av mestring, og skaper ro og mer glede.<\/p><p>I denne referansesaken kan du lese mer om hvordan vi konkret hjalp denne familien med \u00e5 gj\u00f8re sykling til en trygg aktivitet som var hyggelig for b\u00e5de barn og foreldre.<\/p>\t\t\t\t\t\t<\/div>\n\t\t\t\t<\/div>\n\t\t\t\t<div class=\"elementor-element elementor-element-36e1f9f elementor-widget__width-auto elementor-widget elementor-widget-button\" data-id=\"36e1f9f\" data-element_type=\"widget\" data-widget_type=\"button.default\">\n\t\t\t\t<div class=\"elementor-widget-container\">\n\t\t\t\t\t<div class=\"elementor-button-wrapper\">\n\t\t\t<a class=\"elementor-button elementor-button-link elementor-size-sm\" href=\"https:\/\/smartgroup.no\/wireless-brakes-and-companion-control-childrens-bike\/\">\n\t\t\t\t\t\t<span class=\"elementor-button-content-wrapper\">\n\t\t\t\t\t\t\t\t\t<span class=\"elementor-button-text\">Les mer<\/span>\n\t\t\t\t\t<\/span>\n\t\t\t\t\t<\/a>\n\t\t<\/div>\n\t\t\t\t<\/div>\n\t\t\t\t<\/div>\n\t\t\t\t\t<\/div>\n\t\t<\/div>\n\t\t\t\t\t<\/div>\n\t\t<\/section>\n\t\t\t\t<section class=\"elementor-section elementor-top-section elementor-element elementor-element-2e6daec elementor-section-full_width elementor-section-stretched elementor-section-height-default elementor-section-height-default\" data-id=\"2e6daec\" data-element_type=\"section\" data-settings=\"{&quot;stretch_section&quot;:&quot;section-stretched&quot;}\">\n\t\t\t\t\t\t<div class=\"elementor-container elementor-column-gap-default\">\n\t\t\t\t\t<div class=\"elementor-column elementor-col-50 elementor-top-column elementor-element elementor-element-375fd4c\" data-id=\"375fd4c\" data-element_type=\"column\">\n\t\t\t<div class=\"elementor-widget-wrap elementor-element-populated\">\n\t\t\t\t\t\t<div class=\"elementor-element elementor-element-5fb1488 elementor-widget elementor-widget-heading\" data-id=\"5fb1488\" data-element_type=\"widget\" data-widget_type=\"heading.default\">\n\t\t\t\t<div class=\"elementor-widget-container\">\n\t\t\t<h2 class=\"elementor-heading-title elementor-size-default\">Brukersak<\/h2>\t\t<\/div>\n\t\t\t\t<\/div>\n\t\t\t\t<div class=\"elementor-element elementor-element-e41f231 elementor-widget elementor-widget-heading\" data-id=\"e41f231\" data-element_type=\"widget\" data-widget_type=\"heading.default\">\n\t\t\t\t<div class=\"elementor-widget-container\">\n\t\t\t<h2 class=\"elementor-heading-title elementor-size-default\">Individuelt tilpassede bremser.<\/h2>\t\t<\/div>\n\t\t\t\t<\/div>\n\t\t\t\t<div class=\"elementor-element elementor-element-7c8d798 elementor-widget elementor-widget-text-editor\" data-id=\"7c8d798\" data-element_type=\"widget\" data-widget_type=\"text-editor.default\">\n\t\t\t\t<div class=\"elementor-widget-container\">\n\t\t\t\t\t\t\t<p>N\u00e5r du f\u00e5r en sykkel, er det lett \u00e5 tenke p\u00e5 bremsehendler som det de er. For eldre, barn og mennesker med nedsatt funksjonsevne kan bremsehendler ofte v\u00e6re en utfordring. Dette kan f\u00f8re til at sykling blir vanskelig \u00e5 mestre. SmartBrake tar sikkerhet p\u00e5 alvor og leverer bremsehendler tilpasset syklistens behov.<\/p>\t\t\t\t\t\t<\/div>\n\t\t\t\t<\/div>\n\t\t\t\t<div class=\"elementor-element elementor-element-32e0cd5 elementor-widget elementor-widget-text-editor\" data-id=\"32e0cd5\" data-element_type=\"widget\" data-widget_type=\"text-editor.default\">\n\t\t\t\t<div class=\"elementor-widget-container\">\n\t\t\t\t\t\t\t<p>SmartBrake tilbyr bremsehendler designet for ulike typer grep, samt \u00e5 v\u00e6re markedets mykeste hendler &#8211; alle kan bruke en bremsehendel fra SmartBrake. Dette brukstilfellet handler om en av tilpasningene vi har gjort for en syklist som n\u00e5 kan v\u00e6re helt uavhengig og bare fokusere p\u00e5 sykkelturen. Vi gj\u00f8r individuelle justeringer til tohjulssykler, trehjulssykler og h\u00e5ndsykler.<\/p>\t\t\t\t\t\t<\/div>\n\t\t\t\t<\/div>\n\t\t\t\t<div class=\"elementor-element elementor-element-41fc661 elementor-widget__width-auto elementor-widget elementor-widget-button\" data-id=\"41fc661\" data-element_type=\"widget\" data-widget_type=\"button.default\">\n\t\t\t\t<div class=\"elementor-widget-container\">\n\t\t\t\t\t<div class=\"elementor-button-wrapper\">\n\t\t\t<a class=\"elementor-button elementor-button-link elementor-size-sm\" href=\"https:\/\/smartgroup.no\/smartbrake-solves-the-problem\/\">\n\t\t\t\t\t\t<span class=\"elementor-button-content-wrapper\">\n\t\t\t\t\t\t\t\t\t<span class=\"elementor-button-text\">Les mer<\/span>\n\t\t\t\t\t<\/span>\n\t\t\t\t\t<\/a>\n\t\t<\/div>\n\t\t\t\t<\/div>\n\t\t\t\t<\/div>\n\t\t\t\t\t<\/div>\n\t\t<\/div>\n\t\t\t\t<div class=\"elementor-column elementor-col-50 elementor-top-column elementor-element elementor-element-f35fc50\" data-id=\"f35fc50\" data-element_type=\"column\">\n\t\t\t<div class=\"elementor-widget-wrap elementor-element-populated\">\n\t\t\t\t\t\t<div class=\"elementor-element elementor-element-9f5e3c5 elementor-widget elementor-widget-image\" data-id=\"9f5e3c5\" data-element_type=\"widget\" data-settings=\"{&quot;motion_fx_motion_fx_scrolling&quot;:&quot;yes&quot;,&quot;motion_fx_translateY_effect&quot;:&quot;yes&quot;,&quot;motion_fx_translateY_speed&quot;:{&quot;unit&quot;:&quot;px&quot;,&quot;size&quot;:1.2,&quot;sizes&quot;:[]},&quot;motion_fx_translateY_affectedRange&quot;:{&quot;unit&quot;:&quot;%&quot;,&quot;size&quot;:&quot;&quot;,&quot;sizes&quot;:{&quot;start&quot;:14,&quot;end&quot;:85}},&quot;motion_fx_devices&quot;:[&quot;desktop&quot;,&quot;tablet&quot;,&quot;mobile&quot;]}\" data-widget_type=\"image.default\">\n\t\t\t\t<div class=\"elementor-widget-container\">\n\t\t\t\t\t\t\t\t\t\t\t\t\t<img decoding=\"async\" src=\"http:\/\/smartgroup.no\/wp-content\/uploads\/Artikkel-2-scaled.jpg\" title=\"\" alt=\"\" loading=\"lazy\" \/>\t\t\t\t\t\t\t\t\t\t\t\t\t<\/div>\n\t\t\t\t<\/div>\n\t\t\t\t\t<\/div>\n\t\t<\/div>\n\t\t\t\t\t<\/div>\n\t\t<\/section>\n\t\t\t\t<section class=\"elementor-section elementor-top-section elementor-element elementor-element-e496c83 elementor-section-full_width elementor-section-stretched elementor-reverse-tablet elementor-reverse-mobile elementor-section-height-default elementor-section-height-default\" data-id=\"e496c83\" data-element_type=\"section\" data-settings=\"{&quot;stretch_section&quot;:&quot;section-stretched&quot;,&quot;background_background&quot;:&quot;classic&quot;}\">\n\t\t\t\t\t\t<div class=\"elementor-container elementor-column-gap-default\">\n\t\t\t\t\t<div class=\"elementor-column elementor-col-50 elementor-top-column elementor-element elementor-element-78b6c1f\" data-id=\"78b6c1f\" data-element_type=\"column\">\n\t\t\t<div class=\"elementor-widget-wrap elementor-element-populated\">\n\t\t\t\t\t\t<div class=\"elementor-element elementor-element-25ababc elementor-widget elementor-widget-video\" data-id=\"25ababc\" data-element_type=\"widget\" data-settings=\"{&quot;youtube_url&quot;:&quot;https:\\\/\\\/youtu.be\\\/E-D63EQv5ng&quot;,&quot;loop&quot;:&quot;yes&quot;,&quot;modestbranding&quot;:&quot;yes&quot;,&quot;video_type&quot;:&quot;youtube&quot;,&quot;controls&quot;:&quot;yes&quot;}\" data-widget_type=\"video.default\">\n\t\t\t\t<div class=\"elementor-widget-container\">\n\t\t\t<style>\/*! elementor - v3.21.0 - 08-05-2024 *\/\n.elementor-widget-video .elementor-widget-container{overflow:hidden;transform:translateZ(0)}.elementor-widget-video .elementor-wrapper{aspect-ratio:var(--video-aspect-ratio)}.elementor-widget-video .elementor-wrapper iframe,.elementor-widget-video .elementor-wrapper video{height:100%;width:100%;display:flex;border:none;background-color:#000}@supports not (aspect-ratio:1\/1){.elementor-widget-video .elementor-wrapper{position:relative;overflow:hidden;height:0;padding-bottom:calc(100% \/ var(--video-aspect-ratio))}.elementor-widget-video .elementor-wrapper iframe,.elementor-widget-video .elementor-wrapper video{position:absolute;top:0;right:0;bottom:0;left:0}}.elementor-widget-video .elementor-open-inline .elementor-custom-embed-image-overlay{position:absolute;top:0;right:0;bottom:0;left:0;background-size:cover;background-position:50%}.elementor-widget-video .elementor-custom-embed-image-overlay{cursor:pointer;text-align:center}.elementor-widget-video .elementor-custom-embed-image-overlay:hover .elementor-custom-embed-play i{opacity:1}.elementor-widget-video .elementor-custom-embed-image-overlay img{display:block;width:100%;aspect-ratio:var(--video-aspect-ratio);-o-object-fit:cover;object-fit:cover;-o-object-position:center center;object-position:center center}@supports not (aspect-ratio:1\/1){.elementor-widget-video .elementor-custom-embed-image-overlay{position:relative;overflow:hidden;height:0;padding-bottom:calc(100% \/ var(--video-aspect-ratio))}.elementor-widget-video .elementor-custom-embed-image-overlay img{position:absolute;top:0;right:0;bottom:0;left:0}}.elementor-widget-video .e-hosted-video .elementor-video{-o-object-fit:cover;object-fit:cover}.e-con-inner>.elementor-widget-video,.e-con>.elementor-widget-video{width:var(--container-widget-width);--flex-grow:var(--container-widget-flex-grow)}<\/style>\t\t<div class=\"elementor-wrapper elementor-open-inline\">\n\t\t\t<div class=\"elementor-video\"><\/div>\t\t<\/div>\n\t\t\t\t<\/div>\n\t\t\t\t<\/div>\n\t\t\t\t\t<\/div>\n\t\t<\/div>\n\t\t\t\t<div class=\"elementor-column elementor-col-50 elementor-top-column elementor-element elementor-element-6557170\" data-id=\"6557170\" data-element_type=\"column\">\n\t\t\t<div class=\"elementor-widget-wrap elementor-element-populated\">\n\t\t\t\t\t\t<div class=\"elementor-element elementor-element-b00493e elementor-widget elementor-widget-heading\" data-id=\"b00493e\" data-element_type=\"widget\" data-widget_type=\"heading.default\">\n\t\t\t\t<div class=\"elementor-widget-container\">\n\t\t\t<h2 class=\"elementor-heading-title elementor-size-default\">Brukersak<\/h2>\t\t<\/div>\n\t\t\t\t<\/div>\n\t\t\t\t<div class=\"elementor-element elementor-element-d943781 elementor-widget elementor-widget-heading\" data-id=\"d943781\" data-element_type=\"widget\" data-widget_type=\"heading.default\">\n\t\t\t\t<div class=\"elementor-widget-container\">\n\t\t\t<h2 class=\"elementor-heading-title elementor-size-default\">Hvis du stopper, stopper sykkelen med SmartBrake.<\/h2>\t\t<\/div>\n\t\t\t\t<\/div>\n\t\t\t\t<div class=\"elementor-element elementor-element-4cb3724 elementor-widget elementor-widget-text-editor\" data-id=\"4cb3724\" data-element_type=\"widget\" data-widget_type=\"text-editor.default\">\n\t\t\t\t<div class=\"elementor-widget-container\">\n\t\t\t\t\t\t\t<p>Tradisjonelle sykkelbremsehendler krever at brukeren m\u00e5 p\u00e5f\u00f8re kraft for \u00e5 aktivere bremsen. SmartBrake gj\u00f8r det mulig for deg \u00e5 stoppe sykkelen uten \u00e5 m\u00e5tte ta p\u00e5 styret eller bremsespaken.<\/p>\t\t\t\t\t\t<\/div>\n\t\t\t\t<\/div>\n\t\t\t\t<div class=\"elementor-element elementor-element-5c82bb9 elementor-widget elementor-widget-text-editor\" data-id=\"5c82bb9\" data-element_type=\"widget\" data-widget_type=\"text-editor.default\">\n\t\t\t\t<div class=\"elementor-widget-container\">\n\t\t\t\t\t\t\t<p>Hvis du har epilepsi og f\u00e5r et anfall, eller av andre grunner mister muskelkraften eller bevisstheten, trenger du ikke \u00e5 bekymre deg for \u00e5 miste kontrollen over sykkelen. N\u00e5r du holder spaken inne, ruller sykkelen fritt, og n\u00e5r du slipper, stopper sykkelen.<\/p><p>Les en av brukssakene der SmartBrake har redusert risikoen og \u00f8kt gleden ved sykling.<\/p>\t\t\t\t\t\t<\/div>\n\t\t\t\t<\/div>\n\t\t\t\t<div class=\"elementor-element elementor-element-9d37f51 elementor-widget__width-auto elementor-widget elementor-widget-button\" data-id=\"9d37f51\" data-element_type=\"widget\" data-widget_type=\"button.default\">\n\t\t\t\t<div class=\"elementor-widget-container\">\n\t\t\t\t\t<div class=\"elementor-button-wrapper\">\n\t\t\t<a class=\"elementor-button elementor-button-link elementor-size-sm\" href=\"https:\/\/smartgroup.no\/wireless-brake-for-epilepsy-adult-tricycle\/\">\n\t\t\t\t\t\t<span class=\"elementor-button-content-wrapper\">\n\t\t\t\t\t\t\t\t\t<span class=\"elementor-button-text\">Les mer<\/span>\n\t\t\t\t\t<\/span>\n\t\t\t\t\t<\/a>\n\t\t<\/div>\n\t\t\t\t<\/div>\n\t\t\t\t<\/div>\n\t\t\t\t\t<\/div>\n\t\t<\/div>\n\t\t\t\t\t<\/div>\n\t\t<\/section>\n\t\t\t\t<\/div>\n\t\t","protected":false},"excerpt":{"rendered":"<p>Brukersak SmartBrake skaper en trygg base for barn. SmartBrake gj\u00f8r det mulig for barn \u00e5 bremse uten anstrengelse og mykt p\u00e5 egen h\u00e5nd. For barnet betyr det \u00e5 kunne delta sammen med familie, skole eller venner p\u00e5 en tur. SmartBrake gir ogs\u00e5 muligheter for foreldre eller en voksen \u00e5 gripe inn under oppl\u00e6ring p\u00e5 sykkel [&hellip;]<\/p>\n","protected":false},"author":1,"featured_media":0,"parent":0,"menu_order":0,"comment_status":"closed","ping_status":"closed","template":"elementor_header_footer","meta":{"footnotes":""},"class_list":["post-53937","page","type-page","status-publish","hentry"],"acf":[],"yoast_head":"<!-- This site is optimized with the Yoast SEO plugin v27.4 - https:\/\/yoast.com\/product\/yoast-seo-wordpress\/ -->\n<title>Brukersaker - SmartGroup<\/title>\n<meta name=\"description\" content=\"Les brukersaker fra SmartGroup om hvordan tilrettelegging og hjelpemidler kan gi mer trygghet, mestring og deltakelse i aktivitet og hverdag.\" \/>\n<meta name=\"robots\" content=\"index, follow, max-snippet:-1, max-image-preview:large, max-video-preview:-1\" \/>\n<link rel=\"canonical\" href=\"https:\/\/smartgroup.no\/en\/user-stories\/\" \/>\n<meta property=\"og:locale\" content=\"en_GB\" \/>\n<meta property=\"og:type\" content=\"article\" \/>\n<meta property=\"og:title\" content=\"Brukersaker - SmartGroup\" \/>\n<meta property=\"og:description\" content=\"Les brukersaker fra SmartGroup om hvordan tilrettelegging og hjelpemidler kan gi mer trygghet, mestring og deltakelse i aktivitet og hverdag.\" \/>\n<meta property=\"og:url\" content=\"https:\/\/smartgroup.no\/en\/user-stories\/\" \/>\n<meta property=\"og:site_name\" content=\"SmartGroup\" \/>\n<meta property=\"article:modified_time\" content=\"2026-03-12T11:14:21+00:00\" \/>\n<meta property=\"og:image\" content=\"https:\/\/smartgroup.no\/wp-content\/uploads\/Artikkel-1-1600x1067.jpg\" \/>\n<meta name=\"twitter:card\" content=\"summary_large_image\" \/>\n<meta name=\"twitter:label1\" content=\"Estimated reading time\" \/>\n\t<meta name=\"twitter:data1\" content=\"2 minutes\" \/>\n<script type=\"application\/ld+json\" class=\"yoast-schema-graph\">{\"@context\":\"https:\\\/\\\/schema.org\",\"@graph\":[{\"@type\":\"WebPage\",\"@id\":\"https:\\\/\\\/smartgroup.no\\\/brukersaker\\\/\",\"url\":\"https:\\\/\\\/smartgroup.no\\\/brukersaker\\\/\",\"name\":\"Brukersaker - SmartGroup\",\"isPartOf\":{\"@id\":\"https:\\\/\\\/smartgroup.no\\\/#website\"},\"primaryImageOfPage\":{\"@id\":\"https:\\\/\\\/smartgroup.no\\\/brukersaker\\\/#primaryimage\"},\"image\":{\"@id\":\"https:\\\/\\\/smartgroup.no\\\/brukersaker\\\/#primaryimage\"},\"thumbnailUrl\":\"https:\\\/\\\/smartgroup.no\\\/wp-content\\\/uploads\\\/Artikkel-1-1600x1067.jpg\",\"datePublished\":\"2024-05-08T09:42:51+00:00\",\"dateModified\":\"2026-03-12T11:14:21+00:00\",\"description\":\"Les brukersaker fra SmartGroup om hvordan tilrettelegging og hjelpemidler kan gi mer trygghet, mestring og deltakelse i aktivitet og hverdag.\",\"breadcrumb\":{\"@id\":\"https:\\\/\\\/smartgroup.no\\\/brukersaker\\\/#breadcrumb\"},\"inLanguage\":\"en-GB\",\"potentialAction\":[{\"@type\":\"ReadAction\",\"target\":[\"https:\\\/\\\/smartgroup.no\\\/brukersaker\\\/\"]}]},{\"@type\":\"ImageObject\",\"inLanguage\":\"en-GB\",\"@id\":\"https:\\\/\\\/smartgroup.no\\\/brukersaker\\\/#primaryimage\",\"url\":\"https:\\\/\\\/smartgroup.no\\\/wp-content\\\/uploads\\\/Artikkel-1-1600x1067.jpg\",\"contentUrl\":\"https:\\\/\\\/smartgroup.no\\\/wp-content\\\/uploads\\\/Artikkel-1-1600x1067.jpg\"},{\"@type\":\"BreadcrumbList\",\"@id\":\"https:\\\/\\\/smartgroup.no\\\/brukersaker\\\/#breadcrumb\",\"itemListElement\":[{\"@type\":\"ListItem\",\"position\":1,\"name\":\"Home\",\"item\":\"https:\\\/\\\/smartgroup.no\\\/\"},{\"@type\":\"ListItem\",\"position\":2,\"name\":\"Brukersaker\"}]},{\"@type\":\"WebSite\",\"@id\":\"https:\\\/\\\/smartgroup.no\\\/#website\",\"url\":\"https:\\\/\\\/smartgroup.no\\\/\",\"name\":\"SmartGroup\",\"description\":\"\",\"publisher\":{\"@id\":\"https:\\\/\\\/smartgroup.no\\\/#organization\"},\"potentialAction\":[{\"@type\":\"SearchAction\",\"target\":{\"@type\":\"EntryPoint\",\"urlTemplate\":\"https:\\\/\\\/smartgroup.no\\\/?s={search_term_string}\"},\"query-input\":{\"@type\":\"PropertyValueSpecification\",\"valueRequired\":true,\"valueName\":\"search_term_string\"}}],\"inLanguage\":\"en-GB\"},{\"@type\":\"Organization\",\"@id\":\"https:\\\/\\\/smartgroup.no\\\/#organization\",\"name\":\"SmartGroup\",\"url\":\"https:\\\/\\\/smartgroup.no\\\/\",\"logo\":{\"@type\":\"ImageObject\",\"inLanguage\":\"en-GB\",\"@id\":\"https:\\\/\\\/smartgroup.no\\\/#\\\/schema\\\/logo\\\/image\\\/\",\"url\":\"https:\\\/\\\/smartgroup.no\\\/wp-content\\\/uploads\\\/SmartGroup.png\",\"contentUrl\":\"https:\\\/\\\/smartgroup.no\\\/wp-content\\\/uploads\\\/SmartGroup.png\",\"width\":10417,\"height\":1735,\"caption\":\"SmartGroup\"},\"image\":{\"@id\":\"https:\\\/\\\/smartgroup.no\\\/#\\\/schema\\\/logo\\\/image\\\/\"}}]}<\/script>\n<!-- \/ Yoast SEO plugin. -->","yoast_head_json":{"title":"User cases - SmartGroup","description":"Les brukersaker fra SmartGroup om hvordan tilrettelegging og hjelpemidler kan gi mer trygghet, mestring og deltakelse i aktivitet og hverdag.","robots":{"index":"index","follow":"follow","max-snippet":"max-snippet:-1","max-image-preview":"max-image-preview:large","max-video-preview":"max-video-preview:-1"},"canonical":"https:\/\/smartgroup.no\/en\/user-stories\/","og_locale":"en_GB","og_type":"article","og_title":"Brukersaker - SmartGroup","og_description":"Les brukersaker fra SmartGroup om hvordan tilrettelegging og hjelpemidler kan gi mer trygghet, mestring og deltakelse i aktivitet og hverdag.","og_url":"https:\/\/smartgroup.no\/en\/user-stories\/","og_site_name":"SmartGroup","article_modified_time":"2026-03-12T11:14:21+00:00","og_image":[{"url":"https:\/\/smartgroup.no\/wp-content\/uploads\/Artikkel-1-1600x1067.jpg","type":"","width":"","height":""}],"twitter_card":"summary_large_image","twitter_misc":{"Estimated reading time":"2 minutes"},"schema":{"@context":"https:\/\/schema.org","@graph":[{"@type":"WebPage","@id":"https:\/\/smartgroup.no\/brukersaker\/","url":"https:\/\/smartgroup.no\/brukersaker\/","name":"User cases - SmartGroup","isPartOf":{"@id":"https:\/\/smartgroup.no\/#website"},"primaryImageOfPage":{"@id":"https:\/\/smartgroup.no\/brukersaker\/#primaryimage"},"image":{"@id":"https:\/\/smartgroup.no\/brukersaker\/#primaryimage"},"thumbnailUrl":"https:\/\/smartgroup.no\/wp-content\/uploads\/Artikkel-1-1600x1067.jpg","datePublished":"2024-05-08T09:42:51+00:00","dateModified":"2026-03-12T11:14:21+00:00","description":"Les brukersaker fra SmartGroup om hvordan tilrettelegging og hjelpemidler kan gi mer trygghet, mestring og deltakelse i aktivitet og hverdag.","breadcrumb":{"@id":"https:\/\/smartgroup.no\/brukersaker\/#breadcrumb"},"inLanguage":"en-GB","potentialAction":[{"@type":"ReadAction","target":["https:\/\/smartgroup.no\/brukersaker\/"]}]},{"@type":"ImageObject","inLanguage":"en-GB","@id":"https:\/\/smartgroup.no\/brukersaker\/#primaryimage","url":"https:\/\/smartgroup.no\/wp-content\/uploads\/Artikkel-1-1600x1067.jpg","contentUrl":"https:\/\/smartgroup.no\/wp-content\/uploads\/Artikkel-1-1600x1067.jpg"},{"@type":"BreadcrumbList","@id":"https:\/\/smartgroup.no\/brukersaker\/#breadcrumb","itemListElement":[{"@type":"ListItem","position":1,"name":"Home","item":"https:\/\/smartgroup.no\/"},{"@type":"ListItem","position":2,"name":"Brukersaker"}]},{"@type":"WebSite","@id":"https:\/\/smartgroup.no\/#website","url":"https:\/\/smartgroup.no\/","name":"SmartGroup","description":"","publisher":{"@id":"https:\/\/smartgroup.no\/#organization"},"potentialAction":[{"@type":"SearchAction","target":{"@type":"EntryPoint","urlTemplate":"https:\/\/smartgroup.no\/?s={search_term_string}"},"query-input":{"@type":"PropertyValueSpecification","valueRequired":true,"valueName":"search_term_string"}}],"inLanguage":"en-GB"},{"@type":"Organization","@id":"https:\/\/smartgroup.no\/#organization","name":"SmartGroup","url":"https:\/\/smartgroup.no\/","logo":{"@type":"ImageObject","inLanguage":"en-GB","@id":"https:\/\/smartgroup.no\/#\/schema\/logo\/image\/","url":"https:\/\/smartgroup.no\/wp-content\/uploads\/SmartGroup.png","contentUrl":"https:\/\/smartgroup.no\/wp-content\/uploads\/SmartGroup.png","width":10417,"height":1735,"caption":"SmartGroup"},"image":{"@id":"https:\/\/smartgroup.no\/#\/schema\/logo\/image\/"}}]}},"_links":{"self":[{"href":"http:\/\/smartgroup.no\/en\/wp-json\/wp\/v2\/pages\/53937","targetHints":{"allow":["GET"]}}],"collection":[{"href":"http:\/\/smartgroup.no\/en\/wp-json\/wp\/v2\/pages"}],"about":[{"href":"http:\/\/smartgroup.no\/en\/wp-json\/wp\/v2\/types\/page"}],"author":[{"embeddable":true,"href":"http:\/\/smartgroup.no\/en\/wp-json\/wp\/v2\/users\/1"}],"replies":[{"embeddable":true,"href":"http:\/\/smartgroup.no\/en\/wp-json\/wp\/v2\/comments?post=53937"}],"version-history":[{"count":13,"href":"http:\/\/smartgroup.no\/en\/wp-json\/wp\/v2\/pages\/53937\/revisions"}],"predecessor-version":[{"id":55859,"href":"http:\/\/smartgroup.no\/en\/wp-json\/wp\/v2\/pages\/53937\/revisions\/55859"}],"wp:attachment":[{"href":"http:\/\/smartgroup.no\/en\/wp-json\/wp\/v2\/media?parent=53937"}],"curies":[{"name":"wp","href":"https:\/\/api.w.org\/{rel}","templated":true}]}}