{"id":56480,"date":"2025-04-10T21:05:33","date_gmt":"2025-04-10T19:05:33","guid":{"rendered":"https:\/\/smartgroup.no\/?page_id=56480"},"modified":"2025-04-10T21:17:06","modified_gmt":"2025-04-10T19:17:06","slug":"norge","status":"publish","type":"page","link":"https:\/\/smartgroup.no\/fr\/liste-over-tilskudd-og-midler-til-adaptivt-sportsutstyr\/norge\/","title":{"rendered":"Liste over tilskudd og midler til adaptivt sportsutstyr i Norge"},"content":{"rendered":"\t\t<div data-elementor-type=\"wp-page\" data-elementor-id=\"56480\" class=\"elementor elementor-56480\">\n\t\t\t\t<div class=\"elementor-element elementor-element-f957245 e-flex e-con-boxed e-con e-parent\" data-id=\"f957245\" data-element_type=\"container\">\n\t\t\t\t\t<div class=\"e-con-inner\">\n\t\t\t\t<div class=\"elementor-element elementor-element-cad9398 elementor-widget elementor-widget-heading\" data-id=\"cad9398\" data-element_type=\"widget\" data-widget_type=\"heading.default\">\n\t\t\t\t<div class=\"elementor-widget-container\">\n\t\t\t<style>\/*! elementor - v3.21.0 - 08-05-2024 *\/\n.elementor-heading-title{padding:0;margin:0;line-height:1}.elementor-widget-heading .elementor-heading-title[class*=elementor-size-]>a{color:inherit;font-size:inherit;line-height:inherit}.elementor-widget-heading .elementor-heading-title.elementor-size-small{font-size:15px}.elementor-widget-heading .elementor-heading-title.elementor-size-medium{font-size:19px}.elementor-widget-heading .elementor-heading-title.elementor-size-large{font-size:29px}.elementor-widget-heading .elementor-heading-title.elementor-size-xl{font-size:39px}.elementor-widget-heading .elementor-heading-title.elementor-size-xxl{font-size:59px}<\/style><h1 class=\"elementor-heading-title elementor-size-default\">Liste over tilskudd og midler til adaptivt sportsutstyr i Norge<\/h1>\t\t<\/div>\n\t\t\t\t<\/div>\n\t\t\t\t<div class=\"elementor-element elementor-element-58242cd elementor-widget elementor-widget-image\" data-id=\"58242cd\" data-element_type=\"widget\" data-widget_type=\"image.default\">\n\t\t\t\t<div class=\"elementor-widget-container\">\n\t\t\t<style>\/*! elementor - v3.21.0 - 08-05-2024 *\/\n.elementor-widget-image{text-align:center}.elementor-widget-image a{display:inline-block}.elementor-widget-image a img[src$=\".svg\"]{width:48px}.elementor-widget-image img{vertical-align:middle;display:inline-block}<\/style>\t\t\t\t\t\t\t\t\t\t<img decoding=\"async\" width=\"200\" height=\"200\" src=\"https:\/\/smartgroup.no\/wp-content\/uploads\/no.svg\" class=\"attachment-thumbnail size-thumbnail wp-image-54335\" alt=\"Flag of Norway\" sizes=\"(max-width: 360px) 147px, \" \/>\t\t\t\t\t\t\t\t\t\t\t\t\t<\/div>\n\t\t\t\t<\/div>\n\t\t\t\t<div class=\"elementor-element elementor-element-2a60c17 elementor-widget elementor-widget-text-editor\" data-id=\"2a60c17\" data-element_type=\"widget\" data-widget_type=\"text-editor.default\">\n\t\t\t\t<div class=\"elementor-widget-container\">\n\t\t\t<style>\/*! elementor - v3.21.0 - 08-05-2024 *\/\n.elementor-widget-text-editor.elementor-drop-cap-view-stacked .elementor-drop-cap{background-color:#69727d;color:#fff}.elementor-widget-text-editor.elementor-drop-cap-view-framed .elementor-drop-cap{color:#69727d;border:3px solid;background-color:transparent}.elementor-widget-text-editor:not(.elementor-drop-cap-view-default) .elementor-drop-cap{margin-top:8px}.elementor-widget-text-editor:not(.elementor-drop-cap-view-default) .elementor-drop-cap-letter{width:1em;height:1em}.elementor-widget-text-editor .elementor-drop-cap{float:left;text-align:center;line-height:1;font-size:50px}.elementor-widget-text-editor .elementor-drop-cap-letter{display:inline-block}<\/style>\t\t\t\t<p style=\"text-align: center;\">F\u00f8lgende tilskudd hjelper til med \u00e5 finansiere tilpasnings- og hjelpeutstyr for personer med nedsatt funksjonsevne.<\/p><p style=\"text-align: center;\">Finn tilskudd i andre land <a href=\"https:\/\/smartgroup.no\/liste-over-tilskudd-og-midler-til-adaptivt-sportsutstyr\/\" target=\"_blank\" rel=\"noopener\"><em>her<\/em><\/a>.<\/p>\t\t\t\t\t\t<\/div>\n\t\t\t\t<\/div>\n\t\t\t\t\t<\/div>\n\t\t\t\t<\/div>\n\t\t<div class=\"elementor-element elementor-element-a576071 e-flex e-con-boxed e-con e-parent\" data-id=\"a576071\" data-element_type=\"container\">\n\t\t\t\t\t<div class=\"e-con-inner\">\n\t\t\t\t<div class=\"elementor-element elementor-element-d847061 elementor-widget elementor-widget-heading\" data-id=\"d847061\" data-element_type=\"widget\" data-widget_type=\"heading.default\">\n\t\t\t\t<div class=\"elementor-widget-container\">\n\t\t\t<h2 class=\"elementor-heading-title elementor-size-default\">Tilskudd<\/h2>\t\t<\/div>\n\t\t\t\t<\/div>\n\t\t<div class=\"elementor-element elementor-element-21b9ccb e-flex e-con-boxed e-con e-child\" data-id=\"21b9ccb\" data-element_type=\"container\">\n\t\t\t\t\t<div class=\"e-con-inner\">\n\t\t\t\t<div class=\"elementor-element elementor-element-5206475 elementor-widget elementor-widget-image\" data-id=\"5206475\" data-element_type=\"widget\" data-widget_type=\"image.default\">\n\t\t\t\t<div class=\"elementor-widget-container\">\n\t\t\t\t\t\t\t\t\t\t\t\t\t<img fetchpriority=\"high\" decoding=\"async\" width=\"300\" height=\"179\" src=\"https:\/\/smartgroup.no\/wp-content\/uploads\/Logo-Norges-Idrettsforbund.jpg\" class=\"attachment-large size-large wp-image-56483\" alt=\"\" srcset=\"https:\/\/smartgroup.no\/wp-content\/uploads\/Logo-Norges-Idrettsforbund.jpg 300w, https:\/\/smartgroup.no\/wp-content\/uploads\/Logo-Norges-Idrettsforbund-18x12.jpg 18w, https:\/\/smartgroup.no\/wp-content\/uploads\/Logo-Norges-Idrettsforbund-150x90.jpg 150w\" sizes=\"(max-width: 360px) 147px, (max-width: 300px) 100vw, 300px\" \/>\t\t\t\t\t\t\t\t\t\t\t\t\t<\/div>\n\t\t\t\t<\/div>\n\t\t<div class=\"elementor-element elementor-element-aaebb1b e-flex e-con-boxed e-con e-child\" data-id=\"aaebb1b\" data-element_type=\"container\">\n\t\t\t\t\t<div class=\"e-con-inner\">\n\t\t\t\t<div class=\"elementor-element elementor-element-d159205 elementor-widget elementor-widget-heading\" data-id=\"d159205\" data-element_type=\"widget\" data-widget_type=\"heading.default\">\n\t\t\t\t<div class=\"elementor-widget-container\">\n\t\t\t<h3 class=\"elementor-heading-title elementor-size-default\">Norges Idrettsforbund<\/h3>\t\t<\/div>\n\t\t\t\t<\/div>\n\t\t\t\t<div class=\"elementor-element elementor-element-5e68e24 elementor-widget elementor-widget-text-editor\" data-id=\"5e68e24\" data-element_type=\"widget\" data-widget_type=\"text-editor.default\">\n\t\t\t\t<div class=\"elementor-widget-container\">\n\t\t\t\t\t\t\t<div class=\"col sqs-col-8 span-8\"><div id=\"block-yui_3_17_2_1_1606417216168_106105\" class=\"sqs-block html-block sqs-block-html\" data-block-type=\"2\"><div class=\"sqs-block-content\"><div class=\"sqs-html-content\"><p class=\"\">Denne siden p\u00e5 Paraidrett.no gir en sentral oversikt over hvordan man s\u00f8ker \u00f8konomisk st\u00f8tte og tilskudd rettet mot paraidrettsaktiviteter nasjonalt. Finn informasjon om aktuelle st\u00f8tteordninger, kriterier og veiledning for \u00e5 sikre finansiering til utstyr, arrangementer eller drift, og styrk paraidrettstilbudet i hele landet.<\/p><\/div><\/div><\/div><\/div>\t\t\t\t\t\t<\/div>\n\t\t\t\t<\/div>\n\t\t\t\t<div class=\"elementor-element elementor-element-c672589 elementor-widget elementor-widget-button\" data-id=\"c672589\" data-element_type=\"widget\" data-widget_type=\"button.default\">\n\t\t\t\t<div class=\"elementor-widget-container\">\n\t\t\t\t\t<div class=\"elementor-button-wrapper\">\n\t\t\t<a class=\"elementor-button elementor-button-link elementor-size-sm\" href=\"https:\/\/www.paraidrett.no\/soke-midler\/\" target=\"_blank\">\n\t\t\t\t\t\t<span class=\"elementor-button-content-wrapper\">\n\t\t\t\t\t\t\t\t\t<span class=\"elementor-button-text\">Visit Site<\/span>\n\t\t\t\t\t<\/span>\n\t\t\t\t\t<\/a>\n\t\t<\/div>\n\t\t\t\t<\/div>\n\t\t\t\t<\/div>\n\t\t\t\t\t<\/div>\n\t\t\t\t<\/div>\n\t\t\t\t\t<\/div>\n\t\t\t\t<\/div>\n\t\t<div class=\"elementor-element elementor-element-787b17c e-flex e-con-boxed e-con e-child\" data-id=\"787b17c\" data-element_type=\"container\">\n\t\t\t\t\t<div class=\"e-con-inner\">\n\t\t\t\t<div class=\"elementor-element elementor-element-ec359ca elementor-widget elementor-widget-image\" data-id=\"ec359ca\" data-element_type=\"widget\" data-widget_type=\"image.default\">\n\t\t\t\t<div class=\"elementor-widget-container\">\n\t\t\t\t\t\t\t\t\t\t\t\t\t<img decoding=\"async\" width=\"300\" height=\"189\" src=\"https:\/\/smartgroup.no\/wp-content\/uploads\/Logo-Nav.jpg\" class=\"attachment-large size-large wp-image-56482\" alt=\"Logo Nav\" srcset=\"https:\/\/smartgroup.no\/wp-content\/uploads\/Logo-Nav.jpg 300w, https:\/\/smartgroup.no\/wp-content\/uploads\/Logo-Nav-18x12.jpg 18w, https:\/\/smartgroup.no\/wp-content\/uploads\/Logo-Nav-150x95.jpg 150w\" sizes=\"(max-width: 360px) 147px, (max-width: 300px) 100vw, 300px\" \/>\t\t\t\t\t\t\t\t\t\t\t\t\t<\/div>\n\t\t\t\t<\/div>\n\t\t<div class=\"elementor-element elementor-element-1c5c811 e-flex e-con-boxed e-con e-child\" data-id=\"1c5c811\" data-element_type=\"container\">\n\t\t\t\t\t<div class=\"e-con-inner\">\n\t\t\t\t<div class=\"elementor-element elementor-element-ecc1b7a elementor-widget elementor-widget-heading\" data-id=\"ecc1b7a\" data-element_type=\"widget\" data-widget_type=\"heading.default\">\n\t\t\t\t<div class=\"elementor-widget-container\">\n\t\t\t<h3 class=\"elementor-heading-title elementor-size-default\">NAV Hjelpemiddelsentral<\/h3>\t\t<\/div>\n\t\t\t\t<\/div>\n\t\t\t\t<div class=\"elementor-element elementor-element-bef8385 elementor-widget elementor-widget-text-editor\" data-id=\"bef8385\" data-element_type=\"widget\" data-widget_type=\"text-editor.default\">\n\t\t\t\t<div class=\"elementor-widget-container\">\n\t\t\t\t\t\t\t<div class=\"col sqs-col-8 span-8\"><div id=\"block-yui_3_17_2_1_1606417216168_106105\" class=\"sqs-block html-block sqs-block-html\" data-block-type=\"2\"><div class=\"sqs-block-content\"><div class=\"sqs-html-content\"><p>Hvis du er statsborger i Norge og har rett til \u00e5 f\u00e5 tilpasset utstyr gjennom velferdstjenesten (NAV Hjelpemiddelsentral), kan du bestille Spike gjennom NAV-systemet. Dette gj\u00f8res ved \u00e5 fylle ut dette skjemaet p\u00e5 NAVs nettsider. Du m\u00e5 ogs\u00e5 skrive hvorfor Spike vil v\u00e6re nyttig for deg, om du har testet Spike eller ikke, hva du oppn\u00e5dde ved \u00e5 teste Spike, og hvordan Spike vil bli brukt i ditt daglige liv. Du m\u00e5 ogs\u00e5 legge ved et tilbud fra SmartGroup, som vi gir deg.<\/p><p>For \u00e5 teste Spike, kontakt oss for \u00e5 bestille time. Vi kan veilede deg til \u00e5 fylle ut skjemaet til NAV og finne ut hvorfor Spike er nyttig for deg og din hverdag.<\/p><p>For \u00e5 v\u00e6re kvalifisert til \u00e5 f\u00e5 tilpasset utstyr gjennom NAV Hjelpemiddelsentral m\u00e5 du ha en varig funksjonshemming. Spike er et adaptivt sportsutstyr. Midler fra NAV skiller mellom personer under og over 26 \u00e5r:<\/p><p>NAV dekker fullt ut totalkostnaden for et adaptivt sportsutstyr for personer under 26 \u00e5r.<\/p><p>For personer over 26 \u00e5r m\u00e5 bruker betale en egenandel p\u00e5 10 % eller maks 4000 kr.<\/p><p>Hvis du ikke er kvalifisert til \u00e5 f\u00e5 adaptivt utstyr gjennom velferdstjenestene i Norge, send oss \u200b\u200ben melding p\u00e5 <a href=\"mailto:post@smartgroup.no\">post@smartgroup.no<\/a> s\u00e5 tar vi kontakt med deg for \u00e5 finne en l\u00f8sning.<\/p><\/div><\/div><\/div><\/div>\t\t\t\t\t\t<\/div>\n\t\t\t\t<\/div>\n\t\t\t\t<div class=\"elementor-element elementor-element-37dcbec elementor-widget elementor-widget-button\" data-id=\"37dcbec\" data-element_type=\"widget\" data-widget_type=\"button.default\">\n\t\t\t\t<div class=\"elementor-widget-container\">\n\t\t\t\t\t<div class=\"elementor-button-wrapper\">\n\t\t\t<a class=\"elementor-button elementor-button-link elementor-size-sm\" href=\"https:\/\/www.nav.no\/soknader\" target=\"_blank\">\n\t\t\t\t\t\t<span class=\"elementor-button-content-wrapper\">\n\t\t\t\t\t\t\t\t\t<span class=\"elementor-button-text\">Visit Site<\/span>\n\t\t\t\t\t<\/span>\n\t\t\t\t\t<\/a>\n\t\t<\/div>\n\t\t\t\t<\/div>\n\t\t\t\t<\/div>\n\t\t\t\t\t<\/div>\n\t\t\t\t<\/div>\n\t\t\t\t\t<\/div>\n\t\t\t\t<\/div>\n\t\t\t\t\t<\/div>\n\t\t\t\t<\/div>\n\t\t\t\t<\/div>\n\t\t","protected":false},"excerpt":{"rendered":"<p>Liste over tilskudd og midler til adaptivt sportsutstyr i Norge F\u00f8lgende tilskudd hjelper til med \u00e5 finansiere tilpasnings- og hjelpeutstyr for personer med nedsatt funksjonsevne. Finn tilskudd i andre land her. Tilskudd Norges Idrettsforbund Denne siden p\u00e5 Paraidrett.no gir en sentral oversikt over hvordan man s\u00f8ker \u00f8konomisk st\u00f8tte og tilskudd rettet mot paraidrettsaktiviteter nasjonalt. Finn [&hellip;]<\/p>\n","protected":false},"author":4,"featured_media":0,"parent":56377,"menu_order":0,"comment_status":"closed","ping_status":"closed","template":"template-fullwidth-no-heading.php","meta":{"footnotes":""},"class_list":["post-56480","page","type-page","status-publish","hentry"],"acf":[],"yoast_head":"<!-- This site is optimized with the Yoast SEO plugin v27.4 - https:\/\/yoast.com\/product\/yoast-seo-wordpress\/ -->\n<title>Liste over tilskudd og midler til adaptivt sportsutstyr i Norge - SmartGroup<\/title>\n<meta name=\"description\" content=\"Finn midler til adaptivt sportsutstyr i Norge. Liste over tilskudd som dekker rullestoler, hjelpemidler, parasportutstyr og mer.\" \/>\n<meta name=\"robots\" content=\"index, follow, max-snippet:-1, max-image-preview:large, max-video-preview:-1\" \/>\n<link rel=\"canonical\" href=\"https:\/\/smartgroup.no\/fr\/subventions-equipements-sportifs-adaptes\/norge\/\" \/>\n<meta property=\"og:locale\" content=\"fr_FR\" \/>\n<meta property=\"og:type\" content=\"article\" \/>\n<meta property=\"og:title\" content=\"Liste over tilskudd og midler til adaptivt sportsutstyr i Norge - SmartGroup\" \/>\n<meta property=\"og:description\" content=\"Finn midler til adaptivt sportsutstyr i Norge. Liste over tilskudd som dekker rullestoler, hjelpemidler, parasportutstyr og mer.\" \/>\n<meta property=\"og:url\" content=\"https:\/\/smartgroup.no\/fr\/subventions-equipements-sportifs-adaptes\/norge\/\" \/>\n<meta property=\"og:site_name\" content=\"SmartGroup\" \/>\n<meta property=\"article:modified_time\" content=\"2025-04-10T19:17:06+00:00\" \/>\n<meta property=\"og:image\" content=\"https:\/\/smartgroup.no\/wp-content\/uploads\/no.svg\" \/>\n<meta name=\"twitter:card\" content=\"summary_large_image\" \/>\n<meta name=\"twitter:label1\" content=\"Dur\u00e9e de lecture estim\u00e9e\" \/>\n\t<meta name=\"twitter:data1\" content=\"3 minutes\" \/>\n<script type=\"application\/ld+json\" class=\"yoast-schema-graph\">{\"@context\":\"https:\\\/\\\/schema.org\",\"@graph\":[{\"@type\":\"WebPage\",\"@id\":\"https:\\\/\\\/smartgroup.no\\\/liste-over-tilskudd-og-midler-til-adaptivt-sportsutstyr\\\/norge\\\/\",\"url\":\"https:\\\/\\\/smartgroup.no\\\/liste-over-tilskudd-og-midler-til-adaptivt-sportsutstyr\\\/norge\\\/\",\"name\":\"Liste over tilskudd og midler til adaptivt sportsutstyr i Norge - SmartGroup\",\"isPartOf\":{\"@id\":\"https:\\\/\\\/smartgroup.no\\\/#website\"},\"primaryImageOfPage\":{\"@id\":\"https:\\\/\\\/smartgroup.no\\\/liste-over-tilskudd-og-midler-til-adaptivt-sportsutstyr\\\/norge\\\/#primaryimage\"},\"image\":{\"@id\":\"https:\\\/\\\/smartgroup.no\\\/liste-over-tilskudd-og-midler-til-adaptivt-sportsutstyr\\\/norge\\\/#primaryimage\"},\"thumbnailUrl\":\"https:\\\/\\\/smartgroup.no\\\/wp-content\\\/uploads\\\/no.svg\",\"datePublished\":\"2025-04-10T19:05:33+00:00\",\"dateModified\":\"2025-04-10T19:17:06+00:00\",\"description\":\"Finn midler til adaptivt sportsutstyr i Norge. Liste over tilskudd som dekker rullestoler, hjelpemidler, parasportutstyr og mer.\",\"breadcrumb\":{\"@id\":\"https:\\\/\\\/smartgroup.no\\\/liste-over-tilskudd-og-midler-til-adaptivt-sportsutstyr\\\/norge\\\/#breadcrumb\"},\"inLanguage\":\"fr-FR\",\"potentialAction\":[{\"@type\":\"ReadAction\",\"target\":[\"https:\\\/\\\/smartgroup.no\\\/liste-over-tilskudd-og-midler-til-adaptivt-sportsutstyr\\\/norge\\\/\"]}]},{\"@type\":\"ImageObject\",\"inLanguage\":\"fr-FR\",\"@id\":\"https:\\\/\\\/smartgroup.no\\\/liste-over-tilskudd-og-midler-til-adaptivt-sportsutstyr\\\/norge\\\/#primaryimage\",\"url\":\"https:\\\/\\\/smartgroup.no\\\/wp-content\\\/uploads\\\/no.svg\",\"contentUrl\":\"https:\\\/\\\/smartgroup.no\\\/wp-content\\\/uploads\\\/no.svg\"},{\"@type\":\"BreadcrumbList\",\"@id\":\"https:\\\/\\\/smartgroup.no\\\/liste-over-tilskudd-og-midler-til-adaptivt-sportsutstyr\\\/norge\\\/#breadcrumb\",\"itemListElement\":[{\"@type\":\"ListItem\",\"position\":1,\"name\":\"Home\",\"item\":\"https:\\\/\\\/smartgroup.no\\\/\"},{\"@type\":\"ListItem\",\"position\":2,\"name\":\"Grants &amp; Funds\",\"item\":\"https:\\\/\\\/smartgroup.no\\\/liste-over-tilskudd-og-midler-til-adaptivt-sportsutstyr\\\/\"},{\"@type\":\"ListItem\",\"position\":3,\"name\":\"Liste over tilskudd og midler til adaptivt sportsutstyr i Norge\"}]},{\"@type\":\"WebSite\",\"@id\":\"https:\\\/\\\/smartgroup.no\\\/#website\",\"url\":\"https:\\\/\\\/smartgroup.no\\\/\",\"name\":\"SmartGroup\",\"description\":\"\",\"publisher\":{\"@id\":\"https:\\\/\\\/smartgroup.no\\\/#organization\"},\"potentialAction\":[{\"@type\":\"SearchAction\",\"target\":{\"@type\":\"EntryPoint\",\"urlTemplate\":\"https:\\\/\\\/smartgroup.no\\\/?s={search_term_string}\"},\"query-input\":{\"@type\":\"PropertyValueSpecification\",\"valueRequired\":true,\"valueName\":\"search_term_string\"}}],\"inLanguage\":\"fr-FR\"},{\"@type\":\"Organization\",\"@id\":\"https:\\\/\\\/smartgroup.no\\\/#organization\",\"name\":\"SmartGroup\",\"url\":\"https:\\\/\\\/smartgroup.no\\\/\",\"logo\":{\"@type\":\"ImageObject\",\"inLanguage\":\"fr-FR\",\"@id\":\"https:\\\/\\\/smartgroup.no\\\/#\\\/schema\\\/logo\\\/image\\\/\",\"url\":\"https:\\\/\\\/smartgroup.no\\\/wp-content\\\/uploads\\\/SmartGroup.png\",\"contentUrl\":\"https:\\\/\\\/smartgroup.no\\\/wp-content\\\/uploads\\\/SmartGroup.png\",\"width\":10417,\"height\":1735,\"caption\":\"SmartGroup\"},\"image\":{\"@id\":\"https:\\\/\\\/smartgroup.no\\\/#\\\/schema\\\/logo\\\/image\\\/\"}}]}<\/script>\n<!-- \/ Yoast SEO plugin. -->","yoast_head_json":{"title":"Liste over tilskudd og midler til adaptivt sportsutstyr i Norge - SmartGroup","description":"Finn midler til adaptivt sportsutstyr i Norge. Liste over tilskudd som dekker rullestoler, hjelpemidler, parasportutstyr og mer.","robots":{"index":"index","follow":"follow","max-snippet":"max-snippet:-1","max-image-preview":"max-image-preview:large","max-video-preview":"max-video-preview:-1"},"canonical":"https:\/\/smartgroup.no\/fr\/subventions-equipements-sportifs-adaptes\/norge\/","og_locale":"fr_FR","og_type":"article","og_title":"Liste over tilskudd og midler til adaptivt sportsutstyr i Norge - SmartGroup","og_description":"Finn midler til adaptivt sportsutstyr i Norge. Liste over tilskudd som dekker rullestoler, hjelpemidler, parasportutstyr og mer.","og_url":"https:\/\/smartgroup.no\/fr\/subventions-equipements-sportifs-adaptes\/norge\/","og_site_name":"SmartGroup","article_modified_time":"2025-04-10T19:17:06+00:00","og_image":[{"url":"https:\/\/smartgroup.no\/wp-content\/uploads\/no.svg","type":"","width":"","height":""}],"twitter_card":"summary_large_image","twitter_misc":{"Dur\u00e9e de lecture estim\u00e9e":"3 minutes"},"schema":{"@context":"https:\/\/schema.org","@graph":[{"@type":"WebPage","@id":"https:\/\/smartgroup.no\/liste-over-tilskudd-og-midler-til-adaptivt-sportsutstyr\/norge\/","url":"https:\/\/smartgroup.no\/liste-over-tilskudd-og-midler-til-adaptivt-sportsutstyr\/norge\/","name":"Liste over tilskudd og midler til adaptivt sportsutstyr i Norge - SmartGroup","isPartOf":{"@id":"https:\/\/smartgroup.no\/#website"},"primaryImageOfPage":{"@id":"https:\/\/smartgroup.no\/liste-over-tilskudd-og-midler-til-adaptivt-sportsutstyr\/norge\/#primaryimage"},"image":{"@id":"https:\/\/smartgroup.no\/liste-over-tilskudd-og-midler-til-adaptivt-sportsutstyr\/norge\/#primaryimage"},"thumbnailUrl":"https:\/\/smartgroup.no\/wp-content\/uploads\/no.svg","datePublished":"2025-04-10T19:05:33+00:00","dateModified":"2025-04-10T19:17:06+00:00","description":"Finn midler til adaptivt sportsutstyr i Norge. Liste over tilskudd som dekker rullestoler, hjelpemidler, parasportutstyr og mer.","breadcrumb":{"@id":"https:\/\/smartgroup.no\/liste-over-tilskudd-og-midler-til-adaptivt-sportsutstyr\/norge\/#breadcrumb"},"inLanguage":"fr-FR","potentialAction":[{"@type":"ReadAction","target":["https:\/\/smartgroup.no\/liste-over-tilskudd-og-midler-til-adaptivt-sportsutstyr\/norge\/"]}]},{"@type":"ImageObject","inLanguage":"fr-FR","@id":"https:\/\/smartgroup.no\/liste-over-tilskudd-og-midler-til-adaptivt-sportsutstyr\/norge\/#primaryimage","url":"https:\/\/smartgroup.no\/wp-content\/uploads\/no.svg","contentUrl":"https:\/\/smartgroup.no\/wp-content\/uploads\/no.svg"},{"@type":"BreadcrumbList","@id":"https:\/\/smartgroup.no\/liste-over-tilskudd-og-midler-til-adaptivt-sportsutstyr\/norge\/#breadcrumb","itemListElement":[{"@type":"ListItem","position":1,"name":"Home","item":"https:\/\/smartgroup.no\/"},{"@type":"ListItem","position":2,"name":"Grants &amp; Funds","item":"https:\/\/smartgroup.no\/liste-over-tilskudd-og-midler-til-adaptivt-sportsutstyr\/"},{"@type":"ListItem","position":3,"name":"Liste over tilskudd og midler til adaptivt sportsutstyr i Norge"}]},{"@type":"WebSite","@id":"https:\/\/smartgroup.no\/#website","url":"https:\/\/smartgroup.no\/","name":"SmartGroup","description":"","publisher":{"@id":"https:\/\/smartgroup.no\/#organization"},"potentialAction":[{"@type":"SearchAction","target":{"@type":"EntryPoint","urlTemplate":"https:\/\/smartgroup.no\/?s={search_term_string}"},"query-input":{"@type":"PropertyValueSpecification","valueRequired":true,"valueName":"search_term_string"}}],"inLanguage":"fr-FR"},{"@type":"Organization","@id":"https:\/\/smartgroup.no\/#organization","name":"SmartGroup","url":"https:\/\/smartgroup.no\/","logo":{"@type":"ImageObject","inLanguage":"fr-FR","@id":"https:\/\/smartgroup.no\/#\/schema\/logo\/image\/","url":"https:\/\/smartgroup.no\/wp-content\/uploads\/SmartGroup.png","contentUrl":"https:\/\/smartgroup.no\/wp-content\/uploads\/SmartGroup.png","width":10417,"height":1735,"caption":"SmartGroup"},"image":{"@id":"https:\/\/smartgroup.no\/#\/schema\/logo\/image\/"}}]}},"_links":{"self":[{"href":"https:\/\/smartgroup.no\/fr\/wp-json\/wp\/v2\/pages\/56480","targetHints":{"allow":["GET"]}}],"collection":[{"href":"https:\/\/smartgroup.no\/fr\/wp-json\/wp\/v2\/pages"}],"about":[{"href":"https:\/\/smartgroup.no\/fr\/wp-json\/wp\/v2\/types\/page"}],"author":[{"embeddable":true,"href":"https:\/\/smartgroup.no\/fr\/wp-json\/wp\/v2\/users\/4"}],"replies":[{"embeddable":true,"href":"https:\/\/smartgroup.no\/fr\/wp-json\/wp\/v2\/comments?post=56480"}],"version-history":[{"count":5,"href":"https:\/\/smartgroup.no\/fr\/wp-json\/wp\/v2\/pages\/56480\/revisions"}],"predecessor-version":[{"id":56491,"href":"https:\/\/smartgroup.no\/fr\/wp-json\/wp\/v2\/pages\/56480\/revisions\/56491"}],"up":[{"embeddable":true,"href":"https:\/\/smartgroup.no\/fr\/wp-json\/wp\/v2\/pages\/56377"}],"wp:attachment":[{"href":"https:\/\/smartgroup.no\/fr\/wp-json\/wp\/v2\/media?parent=56480"}],"curies":[{"name":"wp","href":"https:\/\/api.w.org\/{rel}","templated":true}]}}