{"id":57477,"date":"2026-03-03T13:03:44","date_gmt":"2026-03-03T12:03:44","guid":{"rendered":"https:\/\/smartgroup.no\/?post_type=product&#038;p=57477"},"modified":"2026-03-17T14:41:19","modified_gmt":"2026-03-17T13:41:19","slug":"grip-adapt","status":"publish","type":"product","link":"https:\/\/smartgroup.no\/fr\/product\/grip-adapt\/","title":{"rendered":"GripAdapt"},"content":{"rendered":"<p>GripAdapt est une solution simple et astucieuse pour les personnes qui ont du mal \u00e0 atteindre confortablement le levier de frein. Le produit r\u00e9duit la distance jusqu\u2019au levier d\u2019environ 10 \u00e0 30 mm, selon la configuration, et rend le freinage plus s\u00fbr et plus accessible.<\/p>\n\n\n\n<p><strong>Avantages de GripAdapt<\/strong><\/p>\n\n\n\n<ul class=\"wp-block-list\">\n<li>Offre une meilleure prise en main, plus s\u00fbre<\/li>\n\n\n\n<li>Montage simple, sans intervention compliqu\u00e9e<\/li>\n\n\n\n<li>Une am\u00e9lioration abordable avec un grand effet pratique<\/li>\n<\/ul>\n\n\n\n<p><strong>Compatibilit\u00e9<\/strong><br>GripAdapt est pour l\u2019instant d\u00e9velopp\u00e9 pour <a href=\"https:\/\/magura.com\/product\/hs\/\"><strong>Magura HS11<\/strong>.<\/a><\/p>\n\n\n\n<p>Nous travaillons en continu au d\u00e9veloppement de solutions pour davantage de types de leviers de frein. Vous avez besoin d\u2019une version adapt\u00e9e ? Contactez-nous : <strong><a>post@smartgroup.no<\/a><\/strong>, afin que nous trouvions une solution adapt\u00e9e \u00e0 vos besoins.<\/p>\n\n\n\n<div class=\"wp-block-columns is-layout-flex wp-container-core-columns-is-layout-9d6595d7 wp-block-columns-is-layout-flex\">\n<div class=\"wp-block-column is-layout-flow wp-block-column-is-layout-flow\">\n<figure class=\"wp-block-image size-full\"><img fetchpriority=\"high\" decoding=\"async\" width=\"350\" height=\"438\" src=\"https:\/\/smartgroup.no\/wp-content\/uploads\/1-1-2-e1773236288991.png\" alt=\"F\u00f8r og etter GripAdapt p\u00e5 bremsehendel \u2013 kortere avstand til hendelen gir bedre grep og kontroll.\" class=\"wp-image-56995\"\/><\/figure>\n<\/div>\n\n\n\n<div class=\"wp-block-column is-layout-flow wp-block-column-is-layout-flow\">\n<figure class=\"wp-block-image size-full\"><img decoding=\"async\" width=\"1080\" height=\"1350\" src=\"https:\/\/smartgroup.no\/wp-content\/uploads\/2-1.png\" alt=\"\" class=\"wp-image-57793\" srcset=\"https:\/\/smartgroup.no\/wp-content\/uploads\/2-1.png 1080w, https:\/\/smartgroup.no\/wp-content\/uploads\/2-1-640x800.png 640w, https:\/\/smartgroup.no\/wp-content\/uploads\/2-1-768x960.png 768w, https:\/\/smartgroup.no\/wp-content\/uploads\/2-1-10x12.png 10w, https:\/\/smartgroup.no\/wp-content\/uploads\/2-1-990x1238.png 990w, https:\/\/smartgroup.no\/wp-content\/uploads\/2-1-441x551.png 441w, https:\/\/smartgroup.no\/wp-content\/uploads\/2-1-1000x1250.png 1000w, https:\/\/smartgroup.no\/wp-content\/uploads\/2-1-150x188.png 150w\" sizes=\"(max-width: 1080px) 100vw, 1080px\" \/><\/figure>\n<\/div>\n\n\n\n<div class=\"wp-block-column is-layout-flow wp-block-column-is-layout-flow\">\n<figure class=\"wp-block-image size-full\"><img decoding=\"async\" width=\"1080\" height=\"1350\" src=\"https:\/\/smartgroup.no\/wp-content\/uploads\/Design-uten-navn.png\" alt=\"\" class=\"wp-image-57796\" srcset=\"https:\/\/smartgroup.no\/wp-content\/uploads\/Design-uten-navn.png 1080w, https:\/\/smartgroup.no\/wp-content\/uploads\/Design-uten-navn-640x800.png 640w, https:\/\/smartgroup.no\/wp-content\/uploads\/Design-uten-navn-768x960.png 768w, https:\/\/smartgroup.no\/wp-content\/uploads\/Design-uten-navn-10x12.png 10w, https:\/\/smartgroup.no\/wp-content\/uploads\/Design-uten-navn-990x1238.png 990w, https:\/\/smartgroup.no\/wp-content\/uploads\/Design-uten-navn-441x551.png 441w, https:\/\/smartgroup.no\/wp-content\/uploads\/Design-uten-navn-1000x1250.png 1000w, https:\/\/smartgroup.no\/wp-content\/uploads\/Design-uten-navn-150x188.png 150w\" sizes=\"(max-width: 1080px) 100vw, 1080px\" \/><\/figure>\n<\/div>\n<\/div>\n\n\n\n<p><\/p>","protected":false},"excerpt":{"rendered":"<p>R\u00e9duit la distance du levier de frein pour une meilleure prise en main et une utilisation plus facile. Compatible avec le Magura HS11.<\/p>","protected":false},"featured_media":57798,"template":"","meta":[],"product_brand":[],"product_cat":[60],"product_tag":[188],"class_list":{"0":"post-57477","1":"product","2":"type-product","3":"status-publish","4":"has-post-thumbnail","6":"product_cat-accessories-sb","7":"product_tag-gripadapt","9":"first","10":"instock","11":"purchasable","12":"product-type-simple"},"bundled_by":[],"bundle_stock_status":"instock","bundle_stock_quantity":null,"bundle_virtual":false,"bundle_layout":"","bundle_add_to_cart_form_location":"","bundle_editable_in_cart":false,"bundle_sold_individually_context":"","bundle_item_grouping":"","bundle_min_size":"","bundle_max_size":"","bundled_items":[],"bundle_sell_ids":[],"acf":[],"yoast_head":"<!-- This site is optimized with the Yoast SEO plugin v27.4 - https:\/\/yoast.com\/product\/yoast-seo-wordpress\/ -->\n<title>GripAdapt - SmartGroup<\/title>\n<meta name=\"description\" content=\"GripAdapt gj\u00f8r vanlige bremsehendler lettere \u00e5 n\u00e5. En enkel og rimelig l\u00f8sning for barn og voksne som trenger bedre grep, ergonomi og kontroll p\u00e5 sykkelen.\" \/>\n<meta name=\"robots\" content=\"noindex, follow\" \/>\n<meta property=\"og:locale\" content=\"fr_FR\" \/>\n<meta property=\"og:type\" content=\"article\" \/>\n<meta property=\"og:title\" content=\"GripAdapt - SmartGroup\" \/>\n<meta property=\"og:description\" content=\"GripAdapt gj\u00f8r vanlige bremsehendler lettere \u00e5 n\u00e5. En enkel og rimelig l\u00f8sning for barn og voksne som trenger bedre grep, ergonomi og kontroll p\u00e5 sykkelen.\" \/>\n<meta property=\"og:url\" content=\"https:\/\/smartgroup.no\/fr\/produit\/grip-adapt\/\" \/>\n<meta property=\"og:site_name\" content=\"SmartGroup\" \/>\n<meta property=\"article:modified_time\" content=\"2026-03-17T13:41:19+00:00\" \/>\n<meta property=\"og:image\" content=\"https:\/\/smartgroup.no\/wp-content\/uploads\/Design-uten-navn-1.png\" \/>\n\t<meta property=\"og:image:width\" content=\"800\" \/>\n\t<meta property=\"og:image:height\" content=\"800\" \/>\n\t<meta property=\"og:image:type\" content=\"image\/png\" \/>\n<meta name=\"twitter:card\" content=\"summary_large_image\" \/>\n<meta name=\"twitter:label1\" content=\"Dur\u00e9e de lecture estim\u00e9e\" \/>\n\t<meta name=\"twitter:data1\" content=\"2 minutes\" \/>\n<script type=\"application\/ld+json\" class=\"yoast-schema-graph\">{\"@context\":\"https:\\\/\\\/schema.org\",\"@graph\":[{\"@type\":\"WebPage\",\"@id\":\"https:\\\/\\\/smartgroup.no\\\/product\\\/grip-adapt\\\/\",\"url\":\"https:\\\/\\\/smartgroup.no\\\/product\\\/grip-adapt\\\/\",\"name\":\"GripAdapt - SmartGroup\",\"isPartOf\":{\"@id\":\"https:\\\/\\\/smartgroup.no\\\/#website\"},\"primaryImageOfPage\":{\"@id\":\"https:\\\/\\\/smartgroup.no\\\/product\\\/grip-adapt\\\/#primaryimage\"},\"image\":{\"@id\":\"https:\\\/\\\/smartgroup.no\\\/product\\\/grip-adapt\\\/#primaryimage\"},\"thumbnailUrl\":\"https:\\\/\\\/smartgroup.no\\\/wp-content\\\/uploads\\\/Design-uten-navn-1.png\",\"datePublished\":\"2026-03-03T12:03:44+00:00\",\"dateModified\":\"2026-03-17T13:41:19+00:00\",\"description\":\"GripAdapt gj\u00f8r vanlige bremsehendler lettere \u00e5 n\u00e5. En enkel og rimelig l\u00f8sning for barn og voksne som trenger bedre grep, ergonomi og kontroll p\u00e5 sykkelen.\",\"breadcrumb\":{\"@id\":\"https:\\\/\\\/smartgroup.no\\\/product\\\/grip-adapt\\\/#breadcrumb\"},\"inLanguage\":\"fr-FR\",\"potentialAction\":[{\"@type\":\"ReadAction\",\"target\":[\"https:\\\/\\\/smartgroup.no\\\/product\\\/grip-adapt\\\/\"]}]},{\"@type\":\"ImageObject\",\"inLanguage\":\"fr-FR\",\"@id\":\"https:\\\/\\\/smartgroup.no\\\/product\\\/grip-adapt\\\/#primaryimage\",\"url\":\"https:\\\/\\\/smartgroup.no\\\/wp-content\\\/uploads\\\/Design-uten-navn-1.png\",\"contentUrl\":\"https:\\\/\\\/smartgroup.no\\\/wp-content\\\/uploads\\\/Design-uten-navn-1.png\",\"width\":800,\"height\":800},{\"@type\":\"BreadcrumbList\",\"@id\":\"https:\\\/\\\/smartgroup.no\\\/product\\\/grip-adapt\\\/#breadcrumb\",\"itemListElement\":[{\"@type\":\"ListItem\",\"position\":1,\"name\":\"Home\",\"item\":\"https:\\\/\\\/smartgroup.no\\\/\"},{\"@type\":\"ListItem\",\"position\":2,\"name\":\"Butikk\",\"item\":\"https:\\\/\\\/smartgroup.no\\\/butikk\\\/\"},{\"@type\":\"ListItem\",\"position\":3,\"name\":\"GripAdapt\"}]},{\"@type\":\"WebSite\",\"@id\":\"https:\\\/\\\/smartgroup.no\\\/#website\",\"url\":\"https:\\\/\\\/smartgroup.no\\\/\",\"name\":\"SmartGroup\",\"description\":\"\",\"publisher\":{\"@id\":\"https:\\\/\\\/smartgroup.no\\\/#organization\"},\"potentialAction\":[{\"@type\":\"SearchAction\",\"target\":{\"@type\":\"EntryPoint\",\"urlTemplate\":\"https:\\\/\\\/smartgroup.no\\\/?s={search_term_string}\"},\"query-input\":{\"@type\":\"PropertyValueSpecification\",\"valueRequired\":true,\"valueName\":\"search_term_string\"}}],\"inLanguage\":\"fr-FR\"},{\"@type\":\"Organization\",\"@id\":\"https:\\\/\\\/smartgroup.no\\\/#organization\",\"name\":\"SmartGroup\",\"url\":\"https:\\\/\\\/smartgroup.no\\\/\",\"logo\":{\"@type\":\"ImageObject\",\"inLanguage\":\"fr-FR\",\"@id\":\"https:\\\/\\\/smartgroup.no\\\/#\\\/schema\\\/logo\\\/image\\\/\",\"url\":\"https:\\\/\\\/smartgroup.no\\\/wp-content\\\/uploads\\\/SmartGroup.png\",\"contentUrl\":\"https:\\\/\\\/smartgroup.no\\\/wp-content\\\/uploads\\\/SmartGroup.png\",\"width\":10417,\"height\":1735,\"caption\":\"SmartGroup\"},\"image\":{\"@id\":\"https:\\\/\\\/smartgroup.no\\\/#\\\/schema\\\/logo\\\/image\\\/\"}}]}<\/script>\n<!-- \/ Yoast SEO plugin. -->","yoast_head_json":{"title":"GripAdapt - SmartGroup","description":"GripAdapt gj\u00f8r vanlige bremsehendler lettere \u00e5 n\u00e5. En enkel og rimelig l\u00f8sning for barn og voksne som trenger bedre grep, ergonomi og kontroll p\u00e5 sykkelen.","robots":{"index":"noindex","follow":"follow"},"og_locale":"fr_FR","og_type":"article","og_title":"GripAdapt - SmartGroup","og_description":"GripAdapt gj\u00f8r vanlige bremsehendler lettere \u00e5 n\u00e5. En enkel og rimelig l\u00f8sning for barn og voksne som trenger bedre grep, ergonomi og kontroll p\u00e5 sykkelen.","og_url":"https:\/\/smartgroup.no\/fr\/produit\/grip-adapt\/","og_site_name":"SmartGroup","article_modified_time":"2026-03-17T13:41:19+00:00","og_image":[{"width":800,"height":800,"url":"https:\/\/smartgroup.no\/wp-content\/uploads\/Design-uten-navn-1.png","type":"image\/png"}],"twitter_card":"summary_large_image","twitter_misc":{"Dur\u00e9e de lecture estim\u00e9e":"2 minutes"},"schema":{"@context":"https:\/\/schema.org","@graph":[{"@type":"WebPage","@id":"https:\/\/smartgroup.no\/product\/grip-adapt\/","url":"https:\/\/smartgroup.no\/product\/grip-adapt\/","name":"GripAdapt - SmartGroup","isPartOf":{"@id":"https:\/\/smartgroup.no\/#website"},"primaryImageOfPage":{"@id":"https:\/\/smartgroup.no\/product\/grip-adapt\/#primaryimage"},"image":{"@id":"https:\/\/smartgroup.no\/product\/grip-adapt\/#primaryimage"},"thumbnailUrl":"https:\/\/smartgroup.no\/wp-content\/uploads\/Design-uten-navn-1.png","datePublished":"2026-03-03T12:03:44+00:00","dateModified":"2026-03-17T13:41:19+00:00","description":"GripAdapt gj\u00f8r vanlige bremsehendler lettere \u00e5 n\u00e5. En enkel og rimelig l\u00f8sning for barn og voksne som trenger bedre grep, ergonomi og kontroll p\u00e5 sykkelen.","breadcrumb":{"@id":"https:\/\/smartgroup.no\/product\/grip-adapt\/#breadcrumb"},"inLanguage":"fr-FR","potentialAction":[{"@type":"ReadAction","target":["https:\/\/smartgroup.no\/product\/grip-adapt\/"]}]},{"@type":"ImageObject","inLanguage":"fr-FR","@id":"https:\/\/smartgroup.no\/product\/grip-adapt\/#primaryimage","url":"https:\/\/smartgroup.no\/wp-content\/uploads\/Design-uten-navn-1.png","contentUrl":"https:\/\/smartgroup.no\/wp-content\/uploads\/Design-uten-navn-1.png","width":800,"height":800},{"@type":"BreadcrumbList","@id":"https:\/\/smartgroup.no\/product\/grip-adapt\/#breadcrumb","itemListElement":[{"@type":"ListItem","position":1,"name":"Home","item":"https:\/\/smartgroup.no\/"},{"@type":"ListItem","position":2,"name":"Butikk","item":"https:\/\/smartgroup.no\/butikk\/"},{"@type":"ListItem","position":3,"name":"GripAdapt"}]},{"@type":"WebSite","@id":"https:\/\/smartgroup.no\/#website","url":"https:\/\/smartgroup.no\/","name":"SmartGroup","description":"","publisher":{"@id":"https:\/\/smartgroup.no\/#organization"},"potentialAction":[{"@type":"SearchAction","target":{"@type":"EntryPoint","urlTemplate":"https:\/\/smartgroup.no\/?s={search_term_string}"},"query-input":{"@type":"PropertyValueSpecification","valueRequired":true,"valueName":"search_term_string"}}],"inLanguage":"fr-FR"},{"@type":"Organization","@id":"https:\/\/smartgroup.no\/#organization","name":"SmartGroup","url":"https:\/\/smartgroup.no\/","logo":{"@type":"ImageObject","inLanguage":"fr-FR","@id":"https:\/\/smartgroup.no\/#\/schema\/logo\/image\/","url":"https:\/\/smartgroup.no\/wp-content\/uploads\/SmartGroup.png","contentUrl":"https:\/\/smartgroup.no\/wp-content\/uploads\/SmartGroup.png","width":10417,"height":1735,"caption":"SmartGroup"},"image":{"@id":"https:\/\/smartgroup.no\/#\/schema\/logo\/image\/"}}]}},"_links":{"self":[{"href":"https:\/\/smartgroup.no\/fr\/wp-json\/wp\/v2\/product\/57477","targetHints":{"allow":["GET"]}}],"collection":[{"href":"https:\/\/smartgroup.no\/fr\/wp-json\/wp\/v2\/product"}],"about":[{"href":"https:\/\/smartgroup.no\/fr\/wp-json\/wp\/v2\/types\/product"}],"wp:featuredmedia":[{"embeddable":true,"href":"https:\/\/smartgroup.no\/fr\/wp-json\/wp\/v2\/media\/57798"}],"wp:attachment":[{"href":"https:\/\/smartgroup.no\/fr\/wp-json\/wp\/v2\/media?parent=57477"}],"wp:term":[{"taxonomy":"product_brand","embeddable":true,"href":"https:\/\/smartgroup.no\/fr\/wp-json\/wp\/v2\/product_brand?post=57477"},{"taxonomy":"product_cat","embeddable":true,"href":"https:\/\/smartgroup.no\/fr\/wp-json\/wp\/v2\/product_cat?post=57477"},{"taxonomy":"product_tag","embeddable":true,"href":"https:\/\/smartgroup.no\/fr\/wp-json\/wp\/v2\/product_tag?post=57477"}],"curies":[{"name":"wp","href":"https:\/\/api.w.org\/{rel}","templated":true}]}}